{"id":21,"date":"2022-02-11T09:25:28","date_gmt":"2022-02-11T09:25:28","guid":{"rendered":"https:\/\/www.indianpunjabicuisine.rs\/pocetna\/"},"modified":"2022-10-12T23:43:54","modified_gmt":"2022-10-12T22:43:54","slug":"pocetna","status":"publish","type":"page","link":"https:\/\/www.indianpunjabicuisine.rs\/sr\/","title":{"rendered":"Po\u010detna"},"content":{"rendered":"<div class=\"fusion-fullwidth fullwidth-box fusion-builder-row-1 fusion-flex-container nonhundred-percent-fullwidth non-hundred-percent-height-scrolling\" style=\"background-color: rgba(255,255,255,0);background-position: center center;background-repeat: no-repeat;border-width: 0px 0px 0px 0px;border-color:var(--awb-color3);border-style:solid;\" ><div class=\"fusion-builder-row fusion-row fusion-flex-align-items-flex-start\" style=\"max-width:1248px;margin-left: calc(-4% \/ 2 );margin-right: calc(-4% \/ 2 );\"><div class=\"fusion-layout-column fusion_builder_column fusion-builder-column-0 fusion_builder_column_1_1 1_1 fusion-flex-column\"><div class=\"fusion-column-wrapper fusion-flex-justify-content-flex-start fusion-content-layout-column\" style=\"background-position:left top;background-repeat:no-repeat;-webkit-background-size:cover;-moz-background-size:cover;-o-background-size:cover;background-size:cover;padding: 0px 0px 0px 0px;\"><\/div><style type=\"text\/css\">.fusion-body .fusion-builder-column-0{width:100% !important;margin-top : 0px;margin-bottom : 20px;}.fusion-builder-column-0 > .fusion-column-wrapper {padding-top : 0px !important;padding-right : 0px !important;margin-right : 1.92%;padding-bottom : 0px !important;padding-left : 0px !important;margin-left : 1.92%;}@media only screen and (max-width:1024px) {.fusion-body .fusion-builder-column-0{width:100% !important;order : 0;}.fusion-builder-column-0 > .fusion-column-wrapper {margin-right : 1.92%;margin-left : 1.92%;}}@media only screen and (max-width:640px) {.fusion-body .fusion-builder-column-0{width:100% !important;order : 0;}.fusion-builder-column-0 > .fusion-column-wrapper {margin-right : 1.92%;margin-left : 1.92%;}}<\/style><\/div><div class=\"fusion-layout-column fusion_builder_column fusion-builder-column-1 fusion_builder_column_3_5 3_5 fusion-flex-column\"><div class=\"fusion-column-wrapper fusion-flex-justify-content-flex-start fusion-content-layout-column\" style=\"background-position:left top;background-repeat:no-repeat;-webkit-background-size:cover;-moz-background-size:cover;-o-background-size:cover;background-size:cover;padding: 0px 0px 0px 0px;\"><style type=\"text\/css\">@media only screen and (max-width:1024px) {.fusion-title.fusion-title-1{margin-top:10px!important; margin-right:0px!important;margin-bottom:15px!important;margin-left:0px!important;}}@media only screen and (max-width:640px) {.fusion-title.fusion-title-1{margin-top:10px!important; margin-right:0px!important;margin-bottom:10px!important; margin-left:0px!important;}}<\/style><div class=\"fusion-title title fusion-title-1 fusion-sep-none fusion-title-text fusion-title-size-three\" style=\"margin-top:10px;margin-right:0px;margin-bottom:15px;margin-left:0px;\"><h3 class=\"title-heading-left\" style=\"margin:0;\">Pund\u017eabi nacionalna kuhinja<\/h3><\/div><div class=\"fusion-text fusion-text-1\"><p>Pand\u017eabi kuhinja je kulinarski stil koji poti\u010de iz Pend\u017eaba, regiona u severnom delu indijskog potkontinenta Ova kuhinja ima bogatu tradiciju mnogih razli\u010ditih i lokalnih na\u010dina kuvanja. Jedan je poseban oblik tandoori kuvanja koji je sada poznat u drugim delovima Indije, Velike Britanije, Kanade, Hong Konga i u mnogim delovima sveta. A od sada i u Srbiji.<\/p>\n<p>Lokalna kuhinja Pend\u017eaba je pod velikim uticajem poljoprivrede i poljoprivrednog na\u010dina \u017eivota koji preovladava iz vremena drevne civilizacije doline Inda. Glavna hrana koja se uzgaja lokalno \u010dini najvec\u0301i deo lokalne kuhinje. Prepoznatljiva pand\u017eabska kuhinja je poznata po svojim bogatim ukusima putera zajedno sa obimnim vegetarijanskim i mesnim jelima. Glavna jela uklju\u010duju sarhon da saag (\u010dorba \u010diji je glavni sastojak zelje senfa) i makki di roti (slamuti napravljeni od kukuruznog bra\u0161na).<\/p>\n<p>Karrhi je za\u010dinjen \u017euti sos sa kola\u010dima od bra\u0161na od slanutka (besan), koji sadr\u017ei limunov sok, crvenu papriku i kurkumu. Obi\u010dno se slu\u017ei uz pirina\u010d ili naan.<\/p>\n<p>Basmati pirina\u010d je autohtona sorta Pend\u017eaba, a pomoc\u0301u njega su razvijena razna jela od pirin\u010da od mesa i povrc\u0301a.<\/p>\n<\/div><\/div><style type=\"text\/css\">.fusion-body .fusion-builder-column-1{width:60% !important;margin-top : 0px;margin-bottom : 20px;}.fusion-builder-column-1 > .fusion-column-wrapper {padding-top : 0px !important;padding-right : 0px !important;margin-right : 3.2%;padding-bottom : 0px !important;padding-left : 0px !important;margin-left : 3.2%;}@media only screen and (max-width:1024px) {.fusion-body .fusion-builder-column-1{width:60% !important;order : 0;}.fusion-builder-column-1 > .fusion-column-wrapper {margin-right : 3.2%;margin-left : 3.2%;}}@media only screen and (max-width:640px) {.fusion-body .fusion-builder-column-1{width:100% !important;order : 0;}.fusion-builder-column-1 > .fusion-column-wrapper {margin-right : 1.92%;margin-left : 1.92%;}}<\/style><\/div><div class=\"fusion-layout-column fusion_builder_column fusion-builder-column-2 fusion_builder_column_2_5 2_5 fusion-flex-column\"><div class=\"fusion-column-wrapper fusion-flex-justify-content-flex-start fusion-content-layout-column\" style=\"background-image: url(&#039;https:\/\/www.indianpunjabicuisine.rs\/wp-content\/uploads\/2022\/02\/jalebi.jpg&#039;);background-position:left top;background-repeat:no-repeat;-webkit-background-size:cover;-moz-background-size:cover;-o-background-size:cover;background-size:cover;padding: 0px 0px 0px 0px;\" data-bg-url=\"https:\/\/www.indianpunjabicuisine.rs\/wp-content\/uploads\/2022\/02\/jalebi.jpg\"><div class=\"fusion-text fusion-text-2 fusion-text-no-margin\" style=\"color:#ffffff;margin-top:10%;margin-right:10%;margin-bottom:10%;margin-left:10%;\"><p>U restoranu <strong>India Punjabi Cuisine<\/strong> u Beogradu negujemo tradicionalnu i autenti\u010dnu pand\u017eabsku kuhinju, koristec\u0301i originalne recepte i za\u010dine. U Evropu i Srbiju donosimo ukus, kulturu i hranu Pend\u017eaba i Indije. Dobrodo\u0161li u <strong>IPC<\/strong>.<\/p>\n<p>IPC restoran Beograd je \u010dlan &#8230; Grupae, sa restoranima na Tajlandu, Vijetnamu i sada Srbiji.<\/p>\n<\/div><div class=\"fusion-social-links fusion-social-links-1\"><div class=\"fusion-social-networks\"><div class=\"fusion-social-networks-wrapper\"><a class=\"fusion-social-network-icon fusion-tooltip fusion-facebook awb-icon-facebook\" style=\"color:#ffffff;font-size:22px;\" data-placement=\"top\" data-title=\"Facebook\" data-toggle=\"tooltip\" title=\"Facebook\" aria-label=\"facebook\" target=\"_blank\" rel=\"noopener noreferrer\" href=\"https:\/\/www.facebook.com\/Indian-Punjabi-Cuisine-323429909099623\"><\/a><a class=\"fusion-social-network-icon fusion-tooltip fusion-instagram awb-icon-instagram\" style=\"color:#ffffff;font-size:22px;\" data-placement=\"top\" data-title=\"Instagram\" data-toggle=\"tooltip\" title=\"Instagram\" aria-label=\"instagram\" target=\"_blank\" rel=\"noopener noreferrer\" href=\"https:\/\/www.instagram.com\/indianpunjabicuisine\/\"><\/a><\/div><\/div><\/div><style type=\"text\/css\">.fusion-social-links-1{text-align:center;}.fusion-social-links-1 .boxed-icons .fusion-social-network-icon{border-top-width:0px !important;border-right-width:0px !important;border-bottom-width:0px !important;border-left-width:0px !important;border-color:var(--awb-color3) !important;}.fusion-social-links-1 .boxed-icons .fusion-social-network-icon:hover{background-color:var(--awb-color1) !important;border-color:var(--awb-color4) !important;}.fusion-social-links-1 .fusion-social-network-icon:hover{color:var(--awb-color6) !important;}@media only screen and (max-width:1024px){.fusion-social-links-1{text-align:;} }@media only screen and (max-width:640px){.fusion-social-links-1{text-align:;} }.fusion-social-links-1{ margin-top : 10%;margin-right : 10%;margin-bottom : 10%;margin-left : 10%;}<\/style><\/div><style type=\"text\/css\">.fusion-body .fusion-builder-column-2{width:40% !important;margin-top : 0px;margin-bottom : 20px;}.fusion-builder-column-2 > .fusion-column-wrapper {padding-top : 0px !important;padding-right : 0px !important;margin-right : 4.8%;padding-bottom : 0px !important;padding-left : 0px !important;margin-left : 4.8%;}@media only screen and (max-width:1024px) {.fusion-body .fusion-builder-column-2{width:40% !important;order : 0;}.fusion-builder-column-2 > .fusion-column-wrapper {margin-right : 4.8%;margin-left : 4.8%;}}@media only screen and (max-width:640px) {.fusion-body .fusion-builder-column-2{width:100% !important;order : 0;}.fusion-builder-column-2 > .fusion-column-wrapper {margin-right : 1.92%;margin-left : 1.92%;}}<\/style><\/div><div class=\"fusion-layout-column fusion_builder_column fusion-builder-column-3 fusion_builder_column_1_2 1_2 fusion-flex-column\"><div class=\"fusion-column-wrapper fusion-flex-justify-content-flex-start fusion-content-layout-column\" style=\"background-position:left top;background-repeat:no-repeat;-webkit-background-size:cover;-moz-background-size:cover;-o-background-size:cover;background-size:cover;background-color:#000000;padding: 0px 0px 0px 0px;\"><div style=\"text-align:center;\"><style>.fusion-imageframe.imageframe-1{ margin-top : 10%;margin-right : 5%;margin-bottom : 10%;margin-left : 5%;}<\/style><span class=\" fusion-imageframe imageframe-none imageframe-1 hover-type-zoomin\"><img decoding=\"async\" width=\"121\" height=\"240\" title=\"gyan-mudra\" src=\"https:\/\/www.indianpunjabicuisine.rs\/wp-content\/uploads\/2022\/02\/gyan-mudra.png\" alt class=\"img-responsive wp-image-194\"\/><\/span><\/div><\/div><style type=\"text\/css\">.fusion-body .fusion-builder-column-3{width:50% !important;margin-top : 0px;margin-bottom : 20px;}.fusion-builder-column-3 > .fusion-column-wrapper {padding-top : 0px !important;padding-right : 0px !important;margin-right : 3.84%;padding-bottom : 0px !important;padding-left : 0px !important;margin-left : 3.84%;}@media only screen and (max-width:1024px) {.fusion-body .fusion-builder-column-3{width:50% !important;order : 0;}.fusion-builder-column-3 > .fusion-column-wrapper {margin-right : 3.84%;margin-left : 3.84%;}}@media only screen and (max-width:640px) {.fusion-body .fusion-builder-column-3{width:100% !important;order : 0;}.fusion-builder-column-3 > .fusion-column-wrapper {margin-right : 1.92%;margin-left : 1.92%;}}<\/style><\/div><div class=\"fusion-layout-column fusion_builder_column fusion-builder-column-4 fusion_builder_column_1_2 1_2 fusion-flex-column\"><div class=\"fusion-column-wrapper fusion-flex-justify-content-flex-start fusion-content-layout-column\" style=\"background-position:left top;background-repeat:no-repeat;-webkit-background-size:cover;-moz-background-size:cover;-o-background-size:cover;background-size:cover;padding: 0px 0px 0px 0px;\"><div class=\"fusion-text fusion-text-3\"><h5>Gijan mudra, ina\u010de poznata kao \u010din mudra, je sveti gest ruke ili &#8216;pe\u010dat&#8217; koji se koristi za usmeravanje energije i odr\u017eavanje fokusa. Gijan je sanskrit za &#8216;znanje&#8217; ili &#8216;mudrost&#8217;, pa se ovaj gest ponekad naziva Mudra znanja.<br \/>\nU zapadnoj upotrebi, ovaj gest zna\u010di dobre vibracije, odli\u010dnu hranu ili dodavanje za\u010dina tokom kuvanja.<br \/>\nI, ako razmislite o tome, to je savr\u0161en logo za ovaj restoran.<\/h5>\n<\/div><\/div><style type=\"text\/css\">.fusion-body .fusion-builder-column-4{width:50% !important;margin-top : 0px;margin-bottom : 20px;}.fusion-builder-column-4 > .fusion-column-wrapper {padding-top : 0px !important;padding-right : 0px !important;margin-right : 3.84%;padding-bottom : 0px !important;padding-left : 0px !important;margin-left : 3.84%;}@media only screen and (max-width:1024px) {.fusion-body .fusion-builder-column-4{width:50% !important;order : 0;}.fusion-builder-column-4 > .fusion-column-wrapper {margin-right : 3.84%;margin-left : 3.84%;}}@media only screen and (max-width:640px) {.fusion-body .fusion-builder-column-4{width:100% !important;order : 0;}.fusion-builder-column-4 > .fusion-column-wrapper {margin-right : 1.92%;margin-left : 1.92%;}}<\/style><\/div><\/div><style type=\"text\/css\">.fusion-body .fusion-flex-container.fusion-builder-row-1{ padding-top : 0px;margin-top : 0px;padding-right : 0px;padding-bottom : 0px;margin-bottom : 0px;padding-left : 0px;}<\/style><\/div>\n","protected":false},"excerpt":{"rendered":"","protected":false},"author":1,"featured_media":0,"parent":0,"menu_order":0,"comment_status":"closed","ping_status":"closed","template":"","meta":{"footnotes":""},"class_list":["post-21","page","type-page","status-publish","hentry"],"yoast_head":"<!-- This site is optimized with the Yoast SEO plugin v27.4 - https:\/\/yoast.com\/product\/yoast-seo-wordpress\/ -->\n<title>Po\u010detna - Indian punjabi Cuisine<\/title>\n<meta name=\"robots\" content=\"index, follow, max-snippet:-1, max-image-preview:large, max-video-preview:-1\" \/>\n<link rel=\"canonical\" href=\"https:\/\/www.indianpunjabicuisine.rs\/sr\/pocetna\/\" \/>\n<meta property=\"og:locale\" content=\"sr_RS\" \/>\n<meta property=\"og:type\" content=\"article\" \/>\n<meta property=\"og:title\" content=\"Po\u010detna - Indian punjabi Cuisine\" \/>\n<meta property=\"og:url\" content=\"https:\/\/www.indianpunjabicuisine.rs\/sr\/pocetna\/\" \/>\n<meta property=\"og:site_name\" content=\"Indian punjabi Cuisine\" \/>\n<meta property=\"article:publisher\" content=\"https:\/\/www.facebook.com\/Indian-Punjabi-Cuisine-323429909099623\" \/>\n<meta property=\"article:modified_time\" content=\"2022-10-12T22:43:54+00:00\" \/>\n<meta name=\"twitter:card\" content=\"summary_large_image\" \/>\n<meta name=\"twitter:label1\" content=\"\u041f\u0440\u043e\u0446\u0435\u045a\u0435\u043d\u043e \u0432\u0440\u0435\u043c\u0435 \u0447\u0438\u0442\u0430\u045a\u0430\" \/>\n\t<meta name=\"twitter:data1\" content=\"14 \u043c\u0438\u043d\u0443\u0442\u0430\" \/>\n<script type=\"application\/ld+json\" class=\"yoast-schema-graph\">{\"@context\":\"https:\\\/\\\/schema.org\",\"@graph\":[{\"@type\":\"WebPage\",\"@id\":\"https:\\\/\\\/www.indianpunjabicuisine.rs\\\/sr\\\/pocetna\\\/\",\"url\":\"https:\\\/\\\/www.indianpunjabicuisine.rs\\\/sr\\\/pocetna\\\/\",\"name\":\"Po\u010detna - Indian punjabi Cuisine\",\"isPartOf\":{\"@id\":\"https:\\\/\\\/www.indianpunjabicuisine.rs\\\/#website\"},\"datePublished\":\"2022-02-11T09:25:28+00:00\",\"dateModified\":\"2022-10-12T22:43:54+00:00\",\"breadcrumb\":{\"@id\":\"https:\\\/\\\/www.indianpunjabicuisine.rs\\\/sr\\\/pocetna\\\/#breadcrumb\"},\"inLanguage\":\"sr-RS\",\"potentialAction\":[{\"@type\":\"ReadAction\",\"target\":[\"https:\\\/\\\/www.indianpunjabicuisine.rs\\\/sr\\\/pocetna\\\/\"]}]},{\"@type\":\"BreadcrumbList\",\"@id\":\"https:\\\/\\\/www.indianpunjabicuisine.rs\\\/sr\\\/pocetna\\\/#breadcrumb\",\"itemListElement\":[{\"@type\":\"ListItem\",\"position\":1,\"name\":\"Home\",\"item\":\"https:\\\/\\\/www.indianpunjabicuisine.rs\\\/sr\\\/pocetna\\\/\"},{\"@type\":\"ListItem\",\"position\":2,\"name\":\"Po\u010detna\"}]},{\"@type\":\"WebSite\",\"@id\":\"https:\\\/\\\/www.indianpunjabicuisine.rs\\\/#website\",\"url\":\"https:\\\/\\\/www.indianpunjabicuisine.rs\\\/\",\"name\":\"Indian punjabi Cuisine\",\"description\":\"Restaurant and takeout\",\"potentialAction\":[{\"@type\":\"SearchAction\",\"target\":{\"@type\":\"EntryPoint\",\"urlTemplate\":\"https:\\\/\\\/www.indianpunjabicuisine.rs\\\/?s={search_term_string}\"},\"query-input\":{\"@type\":\"PropertyValueSpecification\",\"valueRequired\":true,\"valueName\":\"search_term_string\"}}],\"inLanguage\":\"sr-RS\"}]}<\/script>\n<!-- \/ Yoast SEO plugin. -->","yoast_head_json":{"title":"Po\u010detna - Indian punjabi Cuisine","robots":{"index":"index","follow":"follow","max-snippet":"max-snippet:-1","max-image-preview":"max-image-preview:large","max-video-preview":"max-video-preview:-1"},"canonical":"https:\/\/www.indianpunjabicuisine.rs\/sr\/pocetna\/","og_locale":"sr_RS","og_type":"article","og_title":"Po\u010detna - Indian punjabi Cuisine","og_url":"https:\/\/www.indianpunjabicuisine.rs\/sr\/pocetna\/","og_site_name":"Indian punjabi Cuisine","article_publisher":"https:\/\/www.facebook.com\/Indian-Punjabi-Cuisine-323429909099623","article_modified_time":"2022-10-12T22:43:54+00:00","twitter_card":"summary_large_image","twitter_misc":{"\u041f\u0440\u043e\u0446\u0435\u045a\u0435\u043d\u043e \u0432\u0440\u0435\u043c\u0435 \u0447\u0438\u0442\u0430\u045a\u0430":"14 \u043c\u0438\u043d\u0443\u0442\u0430"},"schema":{"@context":"https:\/\/schema.org","@graph":[{"@type":"WebPage","@id":"https:\/\/www.indianpunjabicuisine.rs\/sr\/pocetna\/","url":"https:\/\/www.indianpunjabicuisine.rs\/sr\/pocetna\/","name":"Po\u010detna - Indian punjabi Cuisine","isPartOf":{"@id":"https:\/\/www.indianpunjabicuisine.rs\/#website"},"datePublished":"2022-02-11T09:25:28+00:00","dateModified":"2022-10-12T22:43:54+00:00","breadcrumb":{"@id":"https:\/\/www.indianpunjabicuisine.rs\/sr\/pocetna\/#breadcrumb"},"inLanguage":"sr-RS","potentialAction":[{"@type":"ReadAction","target":["https:\/\/www.indianpunjabicuisine.rs\/sr\/pocetna\/"]}]},{"@type":"BreadcrumbList","@id":"https:\/\/www.indianpunjabicuisine.rs\/sr\/pocetna\/#breadcrumb","itemListElement":[{"@type":"ListItem","position":1,"name":"Home","item":"https:\/\/www.indianpunjabicuisine.rs\/sr\/pocetna\/"},{"@type":"ListItem","position":2,"name":"Po\u010detna"}]},{"@type":"WebSite","@id":"https:\/\/www.indianpunjabicuisine.rs\/#website","url":"https:\/\/www.indianpunjabicuisine.rs\/","name":"Indian punjabi Cuisine","description":"Restaurant and takeout","potentialAction":[{"@type":"SearchAction","target":{"@type":"EntryPoint","urlTemplate":"https:\/\/www.indianpunjabicuisine.rs\/?s={search_term_string}"},"query-input":{"@type":"PropertyValueSpecification","valueRequired":true,"valueName":"search_term_string"}}],"inLanguage":"sr-RS"}]}},"_links":{"self":[{"href":"https:\/\/www.indianpunjabicuisine.rs\/sr\/wp-json\/wp\/v2\/pages\/21","targetHints":{"allow":["GET"]}}],"collection":[{"href":"https:\/\/www.indianpunjabicuisine.rs\/sr\/wp-json\/wp\/v2\/pages"}],"about":[{"href":"https:\/\/www.indianpunjabicuisine.rs\/sr\/wp-json\/wp\/v2\/types\/page"}],"author":[{"embeddable":true,"href":"https:\/\/www.indianpunjabicuisine.rs\/sr\/wp-json\/wp\/v2\/users\/1"}],"replies":[{"embeddable":true,"href":"https:\/\/www.indianpunjabicuisine.rs\/sr\/wp-json\/wp\/v2\/comments?post=21"}],"version-history":[{"count":5,"href":"https:\/\/www.indianpunjabicuisine.rs\/sr\/wp-json\/wp\/v2\/pages\/21\/revisions"}],"predecessor-version":[{"id":391,"href":"https:\/\/www.indianpunjabicuisine.rs\/sr\/wp-json\/wp\/v2\/pages\/21\/revisions\/391"}],"wp:attachment":[{"href":"https:\/\/www.indianpunjabicuisine.rs\/sr\/wp-json\/wp\/v2\/media?parent=21"}],"curies":[{"name":"wp","href":"https:\/\/api.w.org\/{rel}","templated":true}]}}